{"id":2984,"date":"2018-03-28T07:14:44","date_gmt":"2018-03-28T05:14:44","guid":{"rendered":"http:\/\/www.ltanc.asso.nc\/?page_id=2984"},"modified":"2020-07-27T14:46:22","modified_gmt":"2020-07-27T03:46:22","slug":"ligue-de-tir-a-larc-de-nouvelle-caledonie","status":"publish","type":"page","link":"https:\/\/www.ltanc.asso.nc\/","title":{"rendered":"Ligue de Tir \u00e0 l&rsquo;Arc de Nouvelle-Cal\u00e9donie"},"content":{"rendered":"<div class=\"slider-wrapper relative\" id=\"slider-1283232368\" >\n    <div class=\"slider slider-nav-circle slider-nav-large slider-nav-light slider-style-normal\"\n        data-flickity-options='{\n            \"cellAlign\": \"center\",\n            \"imagesLoaded\": true,\n            \"lazyLoad\": 1,\n            \"freeScroll\": false,\n            \"wrapAround\": true,\n            \"autoPlay\": 6000,\n            \"pauseAutoPlayOnHover\" : true,\n            \"prevNextButtons\": true,\n            \"contain\" : true,\n            \"adaptiveHeight\" : true,\n            \"dragThreshold\" : 10,\n            \"percentPosition\": true,\n            \"pageDots\": true,\n            \"rightToLeft\": false,\n            \"draggable\": true,\n            \"selectedAttraction\": 0.1,\n            \"parallax\" : 0,\n            \"friction\": 0.6        }'\n        >\n        \n\n  <div class=\"banner has-hover\" id=\"banner-123728678\">\n          <div class=\"banner-inner fill\">\n        <div class=\"banner-bg fill\" >\n            <img loading=\"lazy\" decoding=\"async\" width=\"1024\" height=\"774\" src=\"https:\/\/www.ltanc.asso.nc\/wp-content\/uploads\/2018\/03\/Tir-a-l-arc-un-sport-a-decouvrir_width1024.jpg\" class=\"bg attachment-original size-original\" alt=\"\" \/>                                    \n                    <\/div>\n\t\t\n        <div class=\"banner-layers container\">\n            <div class=\"fill banner-link\"><\/div>            \n   <div id=\"text-box-1789569714\" class=\"text-box banner-layer x100 md-x100 lg-x100 y95 md-y90 lg-y90 res-text\">\n                                <div class=\"text-box-content text box-shadow-1\">\n              \n              <div class=\"text-inner text-left\">\n                  \n<h6>Informations pratiques<\/h6>\n<h4 class=\"uppercase\">Pratiquer le Tir \u00e0 l&rsquo;arc<\/h4>\n<p>Vous d\u00e9sirez vous initier au tir \u00e0 l&rsquo;arc ? Quel que soit votre \u00e2ge, quel que soit votre niveau, d\u00e9couvrez nos informations pratiques<\/p>\n<a href=\"http:\/\/www.ltanc.asso.nc\/?page_id=3001\" class=\"button primary is-gradient\"  >\n\t\t<span>Plus d'informations<\/span>\n\t<\/a>\n\n              <\/div>\n           <\/div>\n                            \n<style>\n#text-box-1789569714 .text-box-content {\n  background-color: rgba(255, 255, 255, 0.74);\n  font-size: 100%;\n}\n#text-box-1789569714 .text-inner {\n  padding: 30px 30px 30px 30px;\n}\n#text-box-1789569714 {\n  width: 90%;\n}\n@media (min-width:550px) {\n  #text-box-1789569714 {\n    width: 44%;\n  }\n}\n<\/style>\n    <\/div>\n \n        <\/div>\n      <\/div>\n\n            \n<style>\n#banner-123728678 {\n  padding-top: 637px;\n}\n#banner-123728678 .banner-bg img {\n  object-position: 62% 60%;\n}\n<\/style>\n  <\/div>\n\n\n\n  <div class=\"banner has-hover\" id=\"banner-123956807\">\n          <div class=\"banner-inner fill\">\n        <div class=\"banner-bg fill\" >\n            <img loading=\"lazy\" decoding=\"async\" width=\"899\" height=\"600\" src=\"https:\/\/www.ltanc.asso.nc\/wp-content\/uploads\/2018\/03\/ic_large_w900h600q100_tir-arc.jpg\" class=\"bg attachment-large size-large\" alt=\"\" \/>                                    \n                    <\/div>\n\t\t\n        <div class=\"banner-layers container\">\n            <div class=\"fill banner-link\"><\/div>            \n   <div id=\"text-box-2114002491\" class=\"text-box banner-layer x0 md-x0 lg-x0 y90 md-y90 lg-y90 res-text\">\n                                <div class=\"text-box-content text box-shadow-1\">\n              \n              <div class=\"text-inner text-left\">\n                  \n<h6>Partout en Cal\u00e9donie<\/h6>\n<h4 class=\"uppercase\">Trouver votre club<\/h4>\n<p>Non moins de 9 clubs de tir \u00e0 l&rsquo;arc vous donnent rendez-vous en Nouvelle-Cal\u00e9donie. D\u00e9couvrez-les !<\/p>\n<a href=\"http:\/\/www.ltanc.asso.nc\/?page_id=3000\" class=\"button primary\"  >\n\t\t<span>Trouver mon club<\/span>\n\t<\/a>\n\n              <\/div>\n           <\/div>\n                            \n<style>\n#text-box-2114002491 .text-box-content {\n  background-color: rgba(255, 255, 255, 0.94);\n  font-size: 100%;\n}\n#text-box-2114002491 .text-inner {\n  padding: 30px 30px 30px 30px;\n}\n#text-box-2114002491 {\n  width: 88%;\n}\n@media (min-width:550px) {\n  #text-box-2114002491 {\n    width: 50%;\n  }\n}\n<\/style>\n    <\/div>\n \n        <\/div>\n      <\/div>\n\n            \n<style>\n#banner-123956807 {\n  padding-top: 637px;\n}\n#banner-123956807 .banner-bg img {\n  object-position: 62% 68%;\n}\n<\/style>\n  <\/div>\n\n\n     <\/div>\n\n     <div class=\"loading-spin dark large centered\"><\/div>\n\n\t<\/div>\n\n\n\n\t<section class=\"section\" id=\"section_262224293\">\n\t\t<div class=\"section-bg fill\" >\n\t\t\t\t\t\t\t\t\t\n\t\t\t\n\n\t\t<\/div>\n\n\t\t\n\n\t\t<div class=\"section-content relative\">\n\t\t\t\n<div class=\"row row-large align-center row-divided\"  id=\"row-175094646\">\n\n\t<div id=\"col-851142902\" class=\"col medium-4 large-4\"  >\n\t\t\t\t<div class=\"col-inner\"  >\n\t\t\t\n\t\t\t\n\n\t<a class=\"plain\" href=\"http:\/\/www.ltanc.asso.nc\/?page_id=3024\" >\t<div class=\"icon-box featured-box icon-box-center text-center\"  style=\"margin:0px 0px 0px 0px;\">\n\t\t\t\t\t<div class=\"icon-box-img has-icon-bg\" style=\"width: 153px\">\n\t\t\t\t<div class=\"icon\">\n\t\t\t\t\t<div class=\"icon-inner\" style=\"border-width:2px;color:rgba(120, 36, 36, 0);\">\n\t\t\t\t\t\t<img loading=\"lazy\" decoding=\"async\" width=\"300\" height=\"300\" src=\"https:\/\/www.ltanc.asso.nc\/wp-content\/uploads\/2018\/03\/icone01-300x300.png\" class=\"attachment-medium size-medium\" alt=\"\" srcset=\"https:\/\/www.ltanc.asso.nc\/wp-content\/uploads\/2018\/03\/icone01-300x300.png 300w, https:\/\/www.ltanc.asso.nc\/wp-content\/uploads\/2018\/03\/icone01-150x150.png 150w, https:\/\/www.ltanc.asso.nc\/wp-content\/uploads\/2018\/03\/icone01-100x100.png 100w, https:\/\/www.ltanc.asso.nc\/wp-content\/uploads\/2018\/03\/icone01.png 400w\" sizes=\"auto, (max-width: 300px) 100vw, 300px\" \/>\t\t\t\t\t<\/div>\n\t\t\t\t<\/div>\n\t\t\t<\/div>\n\t\t\t\t<div class=\"icon-box-text last-reset\">\n\t\t\t<h5 class=\"uppercase\">La LTANC<\/h5>\t\t\t\t\t\t\n<p>D\u00e9couvrez toutes les informations indispensables sur la Ligue de Tir \u00e0 l&rsquo;Arc de Nouvelle-Cal\u00e9donie : histoire, organisation&#8230;<\/p>\n<div class=\"row align-center\"  id=\"row-1848921510\">\n\n\t<div id=\"col-1180774858\" class=\"col small-12 large-12\"  >\n\t\t\t\t<div class=\"col-inner\"  >\n\t\t\t\n\t\t\t\n<a href=\"http:\/\/www.ltanc.asso.nc\/?page_id=3024\" class=\"button primary is-small\"  style=\"border-radius:10px;\">\n\t\t<span>En savoir plus<\/span>\n\t<i class=\"icon-angle-right\" aria-hidden=\"true\" ><\/i><\/a>\n\n\t\t<\/div>\n\t\t\t\t\n<style>\n#col-1180774858 > .col-inner {\n  padding: 10px 0px 0px 0px;\n}\n<\/style>\n\t<\/div>\n\n\t\n<\/div>\n\t\t<\/div>\n\t<\/div>\n\t<\/a>\n\t\n\t\t<\/div>\n\t\t\t\t\t<\/div>\n\n\t\n\n\t<div id=\"col-1832640140\" class=\"col medium-4 large-4\"  >\n\t\t\t\t<div class=\"col-inner\"  >\n\t\t\t\n\t\t\t\n\n\t<a class=\"plain\" href=\"http:\/\/www.ltanc.asso.nc\/?page_id=3000\" >\t<div class=\"icon-box featured-box icon-box-center text-center\"  style=\"margin:0px 0px 0px 0px;\">\n\t\t\t\t\t<div class=\"icon-box-img has-icon-bg\" style=\"width: 153px\">\n\t\t\t\t<div class=\"icon\">\n\t\t\t\t\t<div class=\"icon-inner\" style=\"border-width:2px;color:rgba(120, 36, 36, 0);\">\n\t\t\t\t\t\t<img loading=\"lazy\" decoding=\"async\" width=\"300\" height=\"300\" src=\"https:\/\/www.ltanc.asso.nc\/wp-content\/uploads\/2018\/03\/icone02-300x300.png\" class=\"attachment-medium size-medium\" alt=\"\" srcset=\"https:\/\/www.ltanc.asso.nc\/wp-content\/uploads\/2018\/03\/icone02-300x300.png 300w, https:\/\/www.ltanc.asso.nc\/wp-content\/uploads\/2018\/03\/icone02-150x150.png 150w, https:\/\/www.ltanc.asso.nc\/wp-content\/uploads\/2018\/03\/icone02-100x100.png 100w, https:\/\/www.ltanc.asso.nc\/wp-content\/uploads\/2018\/03\/icone02.png 400w\" sizes=\"auto, (max-width: 300px) 100vw, 300px\" \/>\t\t\t\t\t<\/div>\n\t\t\t\t<\/div>\n\t\t\t<\/div>\n\t\t\t\t<div class=\"icon-box-text last-reset\">\n\t\t\t<h5 class=\"uppercase\">trouver votre club<\/h5>\t\t\t\t\t\t\n<p>Vous d\u00e9sirez vous initier au Tir \u00e0 l&rsquo;Arc ? Des clubs existent partout en Nouvelle-Cal\u00e9donie, et nous vous proposons d&rsquo;en d\u00e9couvrir la liste<\/p>\n<div class=\"row align-center\"  id=\"row-801389392\">\n\n\t<div id=\"col-52364181\" class=\"col small-12 large-12\"  >\n\t\t\t\t<div class=\"col-inner\"  >\n\t\t\t\n\t\t\t\n<a href=\"http:\/\/www.ltanc.asso.nc\/?page_id=3000\" class=\"button primary is-small\"  style=\"border-radius:10px;\">\n\t\t<span>En savoir plus<\/span>\n\t<i class=\"icon-angle-right\" aria-hidden=\"true\" ><\/i><\/a>\n\n\t\t<\/div>\n\t\t\t\t\n<style>\n#col-52364181 > .col-inner {\n  padding: 10px 0px 0px 0px;\n}\n<\/style>\n\t<\/div>\n\n\t\n<\/div>\n\t\t<\/div>\n\t<\/div>\n\t<\/a>\n\t\n\t\t<\/div>\n\t\t\t\t\t<\/div>\n\n\t\n\n\t<div id=\"col-1109296348\" class=\"col medium-4 large-4\"  >\n\t\t\t\t<div class=\"col-inner\"  >\n\t\t\t\n\t\t\t\n\n\t<a class=\"plain\" href=\"http:\/\/www.ltanc.asso.nc\/?page_id=3058\" >\t<div class=\"icon-box featured-box icon-box-center text-center\"  style=\"margin:0px 0px 0px 0px;\">\n\t\t\t\t\t<div class=\"icon-box-img has-icon-bg\" style=\"width: 153px\">\n\t\t\t\t<div class=\"icon\">\n\t\t\t\t\t<div class=\"icon-inner\" style=\"border-width:2px;color:rgba(120, 36, 36, 0);\">\n\t\t\t\t\t\t<img loading=\"lazy\" decoding=\"async\" width=\"300\" height=\"300\" src=\"https:\/\/www.ltanc.asso.nc\/wp-content\/uploads\/2018\/03\/icone03-300x300.png\" class=\"attachment-medium size-medium\" alt=\"\" srcset=\"https:\/\/www.ltanc.asso.nc\/wp-content\/uploads\/2018\/03\/icone03-300x300.png 300w, https:\/\/www.ltanc.asso.nc\/wp-content\/uploads\/2018\/03\/icone03-150x150.png 150w, https:\/\/www.ltanc.asso.nc\/wp-content\/uploads\/2018\/03\/icone03-100x100.png 100w, https:\/\/www.ltanc.asso.nc\/wp-content\/uploads\/2018\/03\/icone03.png 400w\" sizes=\"auto, (max-width: 300px) 100vw, 300px\" \/>\t\t\t\t\t<\/div>\n\t\t\t\t<\/div>\n\t\t\t<\/div>\n\t\t\t\t<div class=\"icon-box-text last-reset\">\n\t\t\t<h5 class=\"uppercase\">Pratiquer<\/h5>\t\t\t\t\t\t\n<p>De 7 \u00e0 77 ans, le tir \u00e0 l&rsquo;arc s\u00e9duit toutes les g\u00e9n\u00e9rations : voici une liste des bonnes pratiques et int\u00e9r\u00eat de notre sport. Laissez vous s\u00e9duir.<\/p>\n\t\t<\/div>\n\t<\/div>\n\t<\/a>\n\t\n<div class=\"row\"  id=\"row-604647339\">\n\n\t<div id=\"col-2138757035\" class=\"col small-12 large-12\"  >\n\t\t\t\t<div class=\"col-inner text-center\"  >\n\t\t\t\n\t\t\t\n<a href=\"http:\/\/www.ltanc.asso.nc\/?page_id=3058\" class=\"button primary is-small\"  style=\"border-radius:10px;\">\n\t\t<span>En savoir plus<\/span>\n\t<i class=\"icon-angle-right\" aria-hidden=\"true\" ><\/i><\/a>\n\n\t\t<\/div>\n\t\t\t\t\n<style>\n#col-2138757035 > .col-inner {\n  padding: 10px 0px 0px 0px;\n}\n<\/style>\n\t<\/div>\n\n\t\n<\/div>\n\t\t<\/div>\n\t\t\t\t\t<\/div>\n\n\t\n<\/div>\n\t\t<\/div>\n\n\t\t\n<style>\n#section_262224293 {\n  padding-top: 30px;\n  padding-bottom: 30px;\n  background-color: rgb(255,255,255);\n}\n<\/style>\n\t<\/section>\n\t\n\n\t<section class=\"section dark\" id=\"section_264186540\">\n\t\t<div class=\"section-bg fill\" >\n\t\t\t\t\t\t\t\t\t<div class=\"section-bg-overlay absolute fill\"><\/div>\n\t\t\t\n\t<div class=\"is-border\"\n\t\tstyle=\"border-width:1px 0px 1px 0px;\">\n\t<\/div>\n\n\t\t<\/div>\n\n\t\t\n\n\t\t<div class=\"section-content relative\">\n\t\t\t\n<div class=\"row row-large align-middle\"  id=\"row-443723747\">\n\n\t<div id=\"col-1273708244\" class=\"col medium-4 small-12 large-4\"  >\n\t\t\t\t<div class=\"col-inner\"  >\n\t\t\t\n\t\t\t\n\t<div class=\"img has-hover x md-x lg-x y md-y lg-y\" id=\"image_19354664\">\n\t\t<a class=\"\" href=\"http:\/\/www.ltanc.asso.nc\/?page_id=3116\" >\t\t\t\t\t\t<div class=\"img-inner dark\" >\n\t\t\t\t\t\t\t\t\t\n\t\t\t\t\t<\/div>\n\t\t\t\t\t\t<\/a>\t\t\n<style>\n#image_19354664 {\n  width: 100%;\n}\n<\/style>\n\t<\/div>\n\t\n\t<div class=\"img has-hover x md-x lg-x y md-y lg-y\" id=\"image_1636418321\">\n\t\t\t\t\t\t\t\t<div class=\"img-inner box-shadow-2 dark\" >\n\t\t\t\t\t\t\t\t\t\n\t\t\t\t\t<\/div>\n\t\t\t\t\t\t\t\t\n<style>\n#image_1636418321 {\n  width: 100%;\n}\n<\/style>\n\t<\/div>\n\t\n\t\t<\/div>\n\t\t\t\t\t<\/div>\n\n\t\n\n\t<div id=\"col-210396073\" class=\"col medium-6 small-12 large-6\"  >\n\t\t\t\t<div class=\"col-inner text-left\"  >\n\t\t\t\n\t\t\t\n<h3>Le blog de la LTANC<\/h3>\n<p>Temps forts, \u00e9v\u00e9nements \u00e0 venir, r\u00e9trospectives&#8230; notre blog vous permet de ne rien manquer de la vie de la Ligue de Tir \u00e0 l&rsquo;Arc, mais aussi des clubs qui vous font vivre au plus pr\u00e8s notre discipline !<\/p>\n<a href=\"http:\/\/www.ltanc.asso.nc\/?cat=1\" class=\"button primary\"  >\n\t\t<span>D\u00e9couvrir le blog<\/span>\n\t<i class=\"icon-angle-right\" aria-hidden=\"true\" ><\/i><\/a>\n\n\t\t<\/div>\n\t\t\t\t\t<\/div>\n\n\t\n<\/div>\n\t\t<\/div>\n\n\t\t\n<style>\n#section_264186540 {\n  padding-top: 60px;\n  padding-bottom: 60px;\n  background-color: rgb(45, 52, 134);\n}\n#section_264186540 .section-bg-overlay {\n  background-color: rgba(255, 255, 255, 0);\n}\n<\/style>\n\t<\/section>\n\t\n","protected":false},"excerpt":{"rendered":"","protected":false},"author":2,"featured_media":0,"parent":0,"menu_order":0,"comment_status":"closed","ping_status":"closed","template":"page-blank.php","meta":{"footnotes":""},"class_list":["post-2984","page","type-page","status-publish","hentry"],"_links":{"self":[{"href":"https:\/\/www.ltanc.asso.nc\/index.php?rest_route=\/wp\/v2\/pages\/2984","targetHints":{"allow":["GET"]}}],"collection":[{"href":"https:\/\/www.ltanc.asso.nc\/index.php?rest_route=\/wp\/v2\/pages"}],"about":[{"href":"https:\/\/www.ltanc.asso.nc\/index.php?rest_route=\/wp\/v2\/types\/page"}],"author":[{"embeddable":true,"href":"https:\/\/www.ltanc.asso.nc\/index.php?rest_route=\/wp\/v2\/users\/2"}],"replies":[{"embeddable":true,"href":"https:\/\/www.ltanc.asso.nc\/index.php?rest_route=%2Fwp%2Fv2%2Fcomments&post=2984"}],"version-history":[{"count":14,"href":"https:\/\/www.ltanc.asso.nc\/index.php?rest_route=\/wp\/v2\/pages\/2984\/revisions"}],"predecessor-version":[{"id":3435,"href":"https:\/\/www.ltanc.asso.nc\/index.php?rest_route=\/wp\/v2\/pages\/2984\/revisions\/3435"}],"wp:attachment":[{"href":"https:\/\/www.ltanc.asso.nc\/index.php?rest_route=%2Fwp%2Fv2%2Fmedia&parent=2984"}],"curies":[{"name":"wp","href":"https:\/\/api.w.org\/{rel}","templated":true}]}}