{"id":3026,"date":"2018-03-29T01:05:30","date_gmt":"2018-03-28T23:05:30","guid":{"rendered":"http:\/\/www.ltanc.asso.nc\/?page_id=3026"},"modified":"2018-03-29T01:36:58","modified_gmt":"2018-03-28T23:36:58","slug":"la-ligue-2","status":"publish","type":"page","link":"https:\/\/www.ltanc.asso.nc\/?page_id=3026","title":{"rendered":"Disciplines pratiqu\u00e9es"},"content":{"rendered":"<div class=\"slider-wrapper relative\" id=\"slider-1312782476\" >\n    <div class=\"slider slider-nav-circle slider-nav-large slider-nav-light slider-style-normal\"\n        data-flickity-options='{\n            \"cellAlign\": \"center\",\n            \"imagesLoaded\": true,\n            \"lazyLoad\": 1,\n            \"freeScroll\": false,\n            \"wrapAround\": true,\n            \"autoPlay\": 6000,\n            \"pauseAutoPlayOnHover\" : true,\n            \"prevNextButtons\": true,\n            \"contain\" : true,\n            \"adaptiveHeight\" : true,\n            \"dragThreshold\" : 10,\n            \"percentPosition\": true,\n            \"pageDots\": true,\n            \"rightToLeft\": false,\n            \"draggable\": true,\n            \"selectedAttraction\": 0.1,\n            \"parallax\" : 0,\n            \"friction\": 0.6        }'\n        >\n        \n\n  <div class=\"banner has-hover\" id=\"banner-869666999\">\n          <div class=\"banner-inner fill\">\n        <div class=\"banner-bg fill\" >\n            <img loading=\"lazy\" decoding=\"async\" width=\"1126\" height=\"750\" src=\"https:\/\/www.ltanc.asso.nc\/wp-content\/uploads\/2018\/03\/Ciblerie_9237.jpg\" class=\"bg attachment-original size-original\" alt=\"\" \/>                                    \n                    <\/div>\n\t\t\n        <div class=\"banner-layers container\">\n            <div class=\"fill banner-link\"><\/div>            \n        <\/div>\n      <\/div>\n\n            \n<style>\n#banner-869666999 {\n  padding-top: 637px;\n}\n#banner-869666999 .banner-bg img {\n  object-position: 4% 40%;\n}\n<\/style>\n  <\/div>\n\n\n     <\/div>\n\n     <div class=\"loading-spin dark large centered\"><\/div>\n\n\t<\/div>\n\n\n<div class=\"row\"  id=\"row-2065291093\">\n\n\t<div id=\"col-1441428103\" class=\"col medium-8 small-12 large-8\"  >\n\t\t\t\t<div class=\"col-inner\"  >\n\t\t\t\n\t\t\t\n<h2>FITA olympique ou 720round :<\/h2>\n<p>en cat\u00e9gorie senior classique : 2x70M sur blason de 122cm<\/p>\n<p>en cat\u00e9gorie s\u00e9nior poulie : 2x50M sur mono spot de 80cm<\/p>\n<h3 class=\"uppercase\">Full FITA ou 1440 round :<\/h3>\n<p>en cat\u00e9gorie s\u00e9nior classique et poulie homme : 90M -70M (blasons de 122cm) et 50M-30M (mono spot de 80 cm)<\/p>\n<p>en cat\u00e9gorie s\u00e9nior classique et poulie femme : 70M &#8211; 60M (blason de 60cm) et 50M &#8211; 30M (mono spot de 80cm)<\/p>\n<h3 class=\"uppercase\">Le tir en campagne :<\/h3>\n<p>discipline de parcours 42 cibles dispos\u00e9es sur un terrain de maximum 4km avec un balisage, les archers tirent 3 fl\u00e8chent d\u00e8s qu\u2019ils rencontrent un cible.<\/p>\n<h3 class=\"uppercase\">Le tir 3D :<\/h3>\n<p>simulation d\u2019un parcours de chasse sur 24 cibles dispos\u00e9 sur un terrain de parcours.<\/p>\n<p>Le F\u00e9d\u00e9ral : discipline Fran\u00e7aise herit\u00e9 du moyen age.<\/p>\n<h3 class=\"uppercase\">Tir \u00e0 50M sur blason de 122cm.<\/h3>\n<p>C\u2019est une comp\u00e9tition qui permet au d\u00e9butant de d\u00e9couvrir la comp\u00e9tition.<\/p>\n<h3 class=\"uppercase\">Le tir en salle :<\/h3>\n<p>tir \u00e0 18M sur tri spot<\/p>\n\t\t<\/div>\n\t\t\t\t\t<\/div>\n\n\t\n\n\t<div id=\"col-1299277291\" class=\"col medium-4 small-12 large-4\"  >\n\t\t\t\t<div class=\"col-inner\"  >\n\t\t\t\n\t\t\t\n<h3>Un club pr\u00e8s de chez vous<\/h3>\nVous d\u00e9sirez vous initier au tir \u00e0 l'arc ? Vous \u00eates archer confirm\u00e9 ? Vous d\u00e9sirez rejoindre un club ? D\u00e9couvrez tous les clubs pr\u00e9sents en Nouvelle-Cal\u00e9donie.\n\n<div class=\"row\"  id=\"row-475227378\">\n\n\n\t<div id=\"col-941990513\" class=\"col small-12 large-12\"  >\n\t\t\t\t<div class=\"col-inner text-center\"  >\n\t\t\t\n\t\t\t\n\n<a href=\"http:\/\/www.ltanc.asso.nc\/?page_id=3000\" class=\"button primary is-outline expand\"  >\n\t\t<span>Trouver mon club<\/span>\n\t<i class=\"icon-angle-right\" aria-hidden=\"true\" ><\/i><\/a>\n\n\n\t\t<\/div>\n\t\t\t\t\t<\/div>\n\n\t\n\n<\/div>\n\t\t<\/div>\n\t\t\t\t\t<\/div>\n\n\t\n<\/div>\n","protected":false},"excerpt":{"rendered":"","protected":false},"author":2,"featured_media":0,"parent":2999,"menu_order":0,"comment_status":"closed","ping_status":"closed","template":"page-blank.php","meta":{"footnotes":""},"class_list":["post-3026","page","type-page","status-publish","hentry"],"_links":{"self":[{"href":"https:\/\/www.ltanc.asso.nc\/index.php?rest_route=\/wp\/v2\/pages\/3026","targetHints":{"allow":["GET"]}}],"collection":[{"href":"https:\/\/www.ltanc.asso.nc\/index.php?rest_route=\/wp\/v2\/pages"}],"about":[{"href":"https:\/\/www.ltanc.asso.nc\/index.php?rest_route=\/wp\/v2\/types\/page"}],"author":[{"embeddable":true,"href":"https:\/\/www.ltanc.asso.nc\/index.php?rest_route=\/wp\/v2\/users\/2"}],"replies":[{"embeddable":true,"href":"https:\/\/www.ltanc.asso.nc\/index.php?rest_route=%2Fwp%2Fv2%2Fcomments&post=3026"}],"version-history":[{"count":2,"href":"https:\/\/www.ltanc.asso.nc\/index.php?rest_route=\/wp\/v2\/pages\/3026\/revisions"}],"predecessor-version":[{"id":3038,"href":"https:\/\/www.ltanc.asso.nc\/index.php?rest_route=\/wp\/v2\/pages\/3026\/revisions\/3038"}],"up":[{"embeddable":true,"href":"https:\/\/www.ltanc.asso.nc\/index.php?rest_route=\/wp\/v2\/pages\/2999"}],"wp:attachment":[{"href":"https:\/\/www.ltanc.asso.nc\/index.php?rest_route=%2Fwp%2Fv2%2Fmedia&parent=3026"}],"curies":[{"name":"wp","href":"https:\/\/api.w.org\/{rel}","templated":true}]}}