{"id":3060,"date":"2018-03-29T06:15:24","date_gmt":"2018-03-29T04:15:24","guid":{"rendered":"http:\/\/www.ltanc.asso.nc\/?page_id=3060"},"modified":"2018-03-29T06:41:36","modified_gmt":"2018-03-29T04:41:36","slug":"la-ligue-3","status":"publish","type":"page","link":"https:\/\/www.ltanc.asso.nc\/?page_id=3060","title":{"rendered":"Les valeurs"},"content":{"rendered":"<div class=\"slider-wrapper relative\" id=\"slider-692156090\" >\n    <div class=\"slider slider-nav-circle slider-nav-large slider-nav-light slider-style-normal\"\n        data-flickity-options='{\n            \"cellAlign\": \"center\",\n            \"imagesLoaded\": true,\n            \"lazyLoad\": 1,\n            \"freeScroll\": false,\n            \"wrapAround\": true,\n            \"autoPlay\": 6000,\n            \"pauseAutoPlayOnHover\" : true,\n            \"prevNextButtons\": true,\n            \"contain\" : true,\n            \"adaptiveHeight\" : true,\n            \"dragThreshold\" : 10,\n            \"percentPosition\": true,\n            \"pageDots\": true,\n            \"rightToLeft\": false,\n            \"draggable\": true,\n            \"selectedAttraction\": 0.1,\n            \"parallax\" : 0,\n            \"friction\": 0.6        }'\n        >\n        \n\n  <div class=\"banner has-hover\" id=\"banner-1007262768\">\n          <div class=\"banner-inner fill\">\n        <div class=\"banner-bg fill\" >\n            <img loading=\"lazy\" decoding=\"async\" width=\"2000\" height=\"1470\" src=\"https:\/\/www.ltanc.asso.nc\/wp-content\/uploads\/2018\/03\/xp1100865_w2000.jpg\" class=\"bg attachment-original size-original\" alt=\"\" \/>                                    \n                    <\/div>\n\t\t\n        <div class=\"banner-layers container\">\n            <div class=\"fill banner-link\"><\/div>            \n        <\/div>\n      <\/div>\n\n            \n<style>\n#banner-1007262768 {\n  padding-top: 637px;\n}\n#banner-1007262768 .banner-bg img {\n  object-position: 62% 60%;\n}\n<\/style>\n  <\/div>\n\n\n     <\/div>\n\n     <div class=\"loading-spin dark large centered\"><\/div>\n\n\t<\/div>\n\n\n<div class=\"row\"  id=\"row-347823803\">\n\n\t<div id=\"col-2121985377\" class=\"col medium-8 small-12 large-8\"  >\n\t\t\t\t<div class=\"col-inner\"  >\n\t\t\t\n\t\t\t\n<h3>Les valeurs<\/h3>\n<p><strong>Le Tir \u00e0 l&rsquo;Arc v\u00e9hicule des images, des id\u00e9es et des valeurs fortes. Il est souvent utilis\u00e9 dans le message publicitaire et en communication. De plus, les exigences du Tir \u00e0 l&rsquo;Arc de Haut Niveau sont les m\u00eames que celles de r\u00e9ussite en entreprise.<\/strong><\/p>\n<p>L&rsquo;arc, la fl\u00e8che, la cible, la vis\u00e9e &#8230; symbolisent :<\/p>\n<ul>\n<li>La recherche d&rsquo;un objectif,<\/li>\n<li>La pr\u00e9cision,<\/li>\n<li>La beaut\u00e9 et la puret\u00e9 du geste technique.<\/li>\n<li>Exigence du tir \u00e0 l&rsquo;arc de Haut niveau<\/li>\n<li>La ma\u00eetrise de soi,<\/li>\n<li>La r\u00e9sistance au stress,<\/li>\n<li>La concentration,<\/li>\n<li>La r\u00e9gularit\u00e9 associ\u00e9e \u00e0 la pr\u00e9cision,<\/li>\n<li>La recherche de la performance,<\/li>\n<li>La volont\u00e9,<\/li>\n<li>L&rsquo;\u00e9quilibre physique et mental,<\/li>\n<li>La rigueur,<\/li>\n<li>L&rsquo;esprit d&rsquo;\u00e9quipe (bien que le Tir \u00e0 l&rsquo;Arc soit un sport individuel par excellence, les comp\u00e9titions par \u00e9quipes sont de plus en plus r\u00e9pandues et une bonne dynamique de groupe permet d&rsquo;obtenir des r\u00e9sultats plus performants),<\/li>\n<li>La capacit\u00e9 d&rsquo;adaptation (\u00e0 l&rsquo;environnement, aux intemp\u00e9ries&#8230;),<\/li>\n<li>La pr\u00e9paration du mat\u00e9riel qui doit toujours \u00eatre r\u00e9gl\u00e9 et entretenu.<\/li>\n<\/ul>\n\t\t<\/div>\n\t\t\t\t\t<\/div>\n\n\t\n\n\t<div id=\"col-228772207\" class=\"col medium-4 small-12 large-4\"  >\n\t\t\t\t<div class=\"col-inner\"  >\n\t\t\t\n\t\t\t\n<h3>Un club pr\u00e8s de chez vous<\/h3>\nVous d\u00e9sirez vous initier au tir \u00e0 l'arc ? Vous \u00eates archer confirm\u00e9 ? Vous d\u00e9sirez rejoindre un club ? D\u00e9couvrez tous les clubs pr\u00e9sents en Nouvelle-Cal\u00e9donie.\n\n<div class=\"row\"  id=\"row-38155186\">\n\n\n\t<div id=\"col-2041178161\" class=\"col small-12 large-12\"  >\n\t\t\t\t<div class=\"col-inner text-center\"  >\n\t\t\t\n\t\t\t\n\n<a href=\"http:\/\/www.ltanc.asso.nc\/?page_id=3000\" class=\"button primary is-outline expand\"  >\n\t\t<span>Trouver mon club<\/span>\n\t<i class=\"icon-angle-right\" aria-hidden=\"true\" ><\/i><\/a>\n\n\n\t\t<\/div>\n\t\t\t\t\t<\/div>\n\n\t\n\n<\/div>\n\t\t<\/div>\n\t\t\t\t\t<\/div>\n\n\t\n<\/div>\n","protected":false},"excerpt":{"rendered":"","protected":false},"author":2,"featured_media":0,"parent":3001,"menu_order":0,"comment_status":"closed","ping_status":"closed","template":"page-blank.php","meta":{"footnotes":""},"class_list":["post-3060","page","type-page","status-publish","hentry"],"_links":{"self":[{"href":"https:\/\/www.ltanc.asso.nc\/index.php?rest_route=\/wp\/v2\/pages\/3060","targetHints":{"allow":["GET"]}}],"collection":[{"href":"https:\/\/www.ltanc.asso.nc\/index.php?rest_route=\/wp\/v2\/pages"}],"about":[{"href":"https:\/\/www.ltanc.asso.nc\/index.php?rest_route=\/wp\/v2\/types\/page"}],"author":[{"embeddable":true,"href":"https:\/\/www.ltanc.asso.nc\/index.php?rest_route=\/wp\/v2\/users\/2"}],"replies":[{"embeddable":true,"href":"https:\/\/www.ltanc.asso.nc\/index.php?rest_route=%2Fwp%2Fv2%2Fcomments&post=3060"}],"version-history":[{"count":3,"href":"https:\/\/www.ltanc.asso.nc\/index.php?rest_route=\/wp\/v2\/pages\/3060\/revisions"}],"predecessor-version":[{"id":3081,"href":"https:\/\/www.ltanc.asso.nc\/index.php?rest_route=\/wp\/v2\/pages\/3060\/revisions\/3081"}],"up":[{"embeddable":true,"href":"https:\/\/www.ltanc.asso.nc\/index.php?rest_route=\/wp\/v2\/pages\/3001"}],"wp:attachment":[{"href":"https:\/\/www.ltanc.asso.nc\/index.php?rest_route=%2Fwp%2Fv2%2Fmedia&parent=3060"}],"curies":[{"name":"wp","href":"https:\/\/api.w.org\/{rel}","templated":true}]}}