{"id":3061,"date":"2018-03-29T06:15:44","date_gmt":"2018-03-29T04:15:44","guid":{"rendered":"http:\/\/www.ltanc.asso.nc\/?page_id=3061"},"modified":"2018-06-08T05:14:51","modified_gmt":"2018-06-08T03:14:51","slug":"la-ligue-4","status":"publish","type":"page","link":"https:\/\/www.ltanc.asso.nc\/?page_id=3061","title":{"rendered":"Les r\u00e8gles du jeu"},"content":{"rendered":"<div class=\"slider-wrapper relative\" id=\"slider-351357821\" >\n    <div class=\"slider slider-nav-circle slider-nav-large slider-nav-light slider-style-normal\"\n        data-flickity-options='{\n            \"cellAlign\": \"center\",\n            \"imagesLoaded\": true,\n            \"lazyLoad\": 1,\n            \"freeScroll\": false,\n            \"wrapAround\": true,\n            \"autoPlay\": 6000,\n            \"pauseAutoPlayOnHover\" : true,\n            \"prevNextButtons\": true,\n            \"contain\" : true,\n            \"adaptiveHeight\" : true,\n            \"dragThreshold\" : 10,\n            \"percentPosition\": true,\n            \"pageDots\": true,\n            \"rightToLeft\": false,\n            \"draggable\": true,\n            \"selectedAttraction\": 0.1,\n            \"parallax\" : 0,\n            \"friction\": 0.6        }'\n        >\n        \n\n  <div class=\"banner has-hover\" id=\"banner-1793703950\">\n          <div class=\"banner-inner fill\">\n        <div class=\"banner-bg fill\" >\n            <img loading=\"lazy\" decoding=\"async\" width=\"2235\" height=\"1200\" src=\"https:\/\/www.ltanc.asso.nc\/wp-content\/uploads\/2018\/03\/fond-ciel-cible2.jpg\" class=\"bg attachment-original size-original\" alt=\"\" \/>                                    \n                    <\/div>\n\t\t\n        <div class=\"banner-layers container\">\n            <div class=\"fill banner-link\"><\/div>            \n        <\/div>\n      <\/div>\n\n            \n<style>\n#banner-1793703950 {\n  padding-top: 637px;\n}\n#banner-1793703950 .banner-bg img {\n  object-position: 11% 40%;\n}\n<\/style>\n  <\/div>\n\n\n     <\/div>\n\n     <div class=\"loading-spin dark large centered\"><\/div>\n\n\t<\/div>\n\n\n<div class=\"row\"  id=\"row-1171548520\">\n\n\t<div id=\"col-1609217550\" class=\"col medium-8 small-12 large-8\"  >\n\t\t\t\t<div class=\"col-inner\"  >\n\t\t\t\n\t\t\t\n<h3>Les r\u00e8gles du jeu<\/h3>\n<p>Sport de rigueur et de tradition, le Tir \u00e0 l&rsquo;Arc est une discipline codifi\u00e9e, o\u00f9 l&rsquo;archer se doit de conna\u00eetre les r\u00e8gles du jeu, comme le dirigeant de soci\u00e9t\u00e9 de son march\u00e9, sans jamais oublier celles du fair play, le respect de soi m\u00eame et des autres.<\/p>\n<ul>\n<li>Le monde du Tir \u00e0 l&rsquo;Arc peut se f\u00e9liciter d&rsquo;\u00eatre &lsquo;propre&rsquo;, \u00e9pargn\u00e9 par les probl\u00e8mes de corruption et de dopage.<\/li>\n<li>Le tir \u00e0 l\u2019arc n\u2019est pas \u00e0 proprement parl\u00e9 un sport qui r\u00e9clame une tr\u00e8s grande capacit\u00e9 d\u2019endurance physique comme pour le marathon ou le cyclisme.<\/li>\n<li>C\u2019est un sport d\u2019adresse, mais ne vous y trompez pas, il vous faudra quand m\u00eame certaines qualit\u00e9s physiques, au niveau des bras et des \u00e9paules par exemple.<\/li>\n<\/ul>\n<p>Et puis si un jour vous \u00eates s\u00e9duit par la comp\u00e9tition, il vous faudra quand m\u00eame vous entra\u00eener. Le tir \u00e0 l\u2019arc est surtout un sport d\u2019endurance sp\u00e9cifique.<\/p>\n<p>Une bonne condition physique vous permettra de bien g\u00e9rer votre activit\u00e9 sportive mais aussi pour vous, pour vivre en paix avec son corps tout simplement.<\/p>\n<p>Le tir \u00e0 l\u2019arc est un sport OLYMPIQUE .<\/p>\n<p>C\u2019est ce qui lui donne ses lettres de noblesse, m\u00eame si sur le plan m\u00e9diatique il est peu suivi.<\/p>\n\t\t<\/div>\n\t\t\t\t\t<\/div>\n\n\t\n\n\t<div id=\"col-434005980\" class=\"col medium-4 small-12 large-4\"  >\n\t\t\t\t<div class=\"col-inner\"  >\n\t\t\t\n\t\t\t\n<h3>Un club pr\u00e8s de chez vous<\/h3>\nVous d\u00e9sirez vous initier au tir \u00e0 l'arc ? Vous \u00eates archer confirm\u00e9 ? Vous d\u00e9sirez rejoindre un club ? D\u00e9couvrez tous les clubs pr\u00e9sents en Nouvelle-Cal\u00e9donie.\n\n<div class=\"row\"  id=\"row-728105422\">\n\n\n\t<div id=\"col-555477983\" class=\"col small-12 large-12\"  >\n\t\t\t\t<div class=\"col-inner text-center\"  >\n\t\t\t\n\t\t\t\n\n<a href=\"http:\/\/www.ltanc.asso.nc\/?page_id=3000\" class=\"button primary is-outline expand\"  >\n\t\t<span>Trouver mon club<\/span>\n\t<i class=\"icon-angle-right\" aria-hidden=\"true\" ><\/i><\/a>\n\n\n\t\t<\/div>\n\t\t\t\t\t<\/div>\n\n\t\n\n<\/div>\n\t\t<\/div>\n\t\t\t\t\t<\/div>\n\n\t\n<\/div>\n","protected":false},"excerpt":{"rendered":"","protected":false},"author":2,"featured_media":0,"parent":3001,"menu_order":0,"comment_status":"closed","ping_status":"closed","template":"page-blank.php","meta":{"footnotes":""},"class_list":["post-3061","page","type-page","status-publish","hentry"],"_links":{"self":[{"href":"https:\/\/www.ltanc.asso.nc\/index.php?rest_route=\/wp\/v2\/pages\/3061","targetHints":{"allow":["GET"]}}],"collection":[{"href":"https:\/\/www.ltanc.asso.nc\/index.php?rest_route=\/wp\/v2\/pages"}],"about":[{"href":"https:\/\/www.ltanc.asso.nc\/index.php?rest_route=\/wp\/v2\/types\/page"}],"author":[{"embeddable":true,"href":"https:\/\/www.ltanc.asso.nc\/index.php?rest_route=\/wp\/v2\/users\/2"}],"replies":[{"embeddable":true,"href":"https:\/\/www.ltanc.asso.nc\/index.php?rest_route=%2Fwp%2Fv2%2Fcomments&post=3061"}],"version-history":[{"count":3,"href":"https:\/\/www.ltanc.asso.nc\/index.php?rest_route=\/wp\/v2\/pages\/3061\/revisions"}],"predecessor-version":[{"id":3276,"href":"https:\/\/www.ltanc.asso.nc\/index.php?rest_route=\/wp\/v2\/pages\/3061\/revisions\/3276"}],"up":[{"embeddable":true,"href":"https:\/\/www.ltanc.asso.nc\/index.php?rest_route=\/wp\/v2\/pages\/3001"}],"wp:attachment":[{"href":"https:\/\/www.ltanc.asso.nc\/index.php?rest_route=%2Fwp%2Fv2%2Fmedia&parent=3061"}],"curies":[{"name":"wp","href":"https:\/\/api.w.org\/{rel}","templated":true}]}}