{"id":3116,"date":"2018-03-29T11:33:15","date_gmt":"2018-03-29T09:33:15","guid":{"rendered":"http:\/\/www.ltanc.asso.nc\/?page_id=3116"},"modified":"2020-07-19T10:57:07","modified_gmt":"2020-07-18T23:57:07","slug":"oceania-2018-2","status":"publish","type":"page","link":"https:\/\/www.ltanc.asso.nc\/?page_id=3116","title":{"rendered":"Oceania 2021"},"content":{"rendered":"<div class=\"slider-wrapper relative\" id=\"slider-1115462655\" >\n    <div class=\"slider slider-nav-circle slider-nav-large slider-nav-light slider-style-normal\"\n        data-flickity-options='{\n            \"cellAlign\": \"center\",\n            \"imagesLoaded\": true,\n            \"lazyLoad\": 1,\n            \"freeScroll\": false,\n            \"wrapAround\": true,\n            \"autoPlay\": 6000,\n            \"pauseAutoPlayOnHover\" : true,\n            \"prevNextButtons\": true,\n            \"contain\" : true,\n            \"adaptiveHeight\" : true,\n            \"dragThreshold\" : 10,\n            \"percentPosition\": true,\n            \"pageDots\": true,\n            \"rightToLeft\": false,\n            \"draggable\": true,\n            \"selectedAttraction\": 0.1,\n            \"parallax\" : 0,\n            \"friction\": 0.6        }'\n        >\n        \n\n  <div class=\"banner has-hover\" id=\"banner-210573511\">\n          <div class=\"banner-inner fill\">\n        <div class=\"banner-bg fill\" >\n            <img loading=\"lazy\" decoding=\"async\" width=\"1020\" height=\"746\" src=\"https:\/\/www.ltanc.asso.nc\/wp-content\/uploads\/2018\/03\/1494439609-1024x749.jpg\" class=\"bg attachment-large size-large\" alt=\"\" \/>                                    \n                    <\/div>\n\t\t\n        <div class=\"banner-layers container\">\n            <div class=\"fill banner-link\"><\/div>            \n   <div id=\"text-box-586212418\" class=\"text-box banner-layer x100 md-x100 lg-x100 y95 md-y10 lg-y10 res-text\">\n                                <div class=\"text-box-content text box-shadow-1\">\n              \n\t<div class=\"is-border\"\n\t\tstyle=\"border-width:0 0px 0px 0px;margin:0px 0px 0px 0;\">\n\t<\/div>\n              <div class=\"text-inner text-center\">\n                  \n              <\/div>\n           <\/div>\n                            \n<style>\n#text-box-586212418 .text-box-content {\n  background-color: rgba(255, 255, 255, 0);\n  font-size: 100%;\n}\n#text-box-586212418 .text-inner {\n  padding: 0px 0px 0px 0px;\n}\n#text-box-586212418 {\n  width: 90%;\n}\n@media (min-width:550px) {\n  #text-box-586212418 {\n    width: 44%;\n  }\n}\n<\/style>\n    <\/div>\n \n        <\/div>\n      <\/div>\n\n            \n<style>\n#banner-210573511 {\n  padding-top: 637px;\n}\n#banner-210573511 .banner-bg img {\n  object-position: 62% 60%;\n}\n<\/style>\n  <\/div>\n\n\n     <\/div>\n\n     <div class=\"loading-spin dark large centered\"><\/div>\n\n\t<\/div>\n\n\n<div class=\"row\"  id=\"row-491179308\">\n\n\t<div id=\"col-271510393\" class=\"col small-12 large-12\"  >\n\t\t\t\t<div class=\"col-inner\"  >\n\t\t\t\n\t\t\t\n<h5 class=\"uppercase\" style=\"text-align: center;\">En Mars se tiendront aux Fidji ,les Oc\u00e9ania 2021 de tir \u00e0 l&rsquo;arc, la L.T.A.N.C. en appelle \u00e0 votre soutien !<\/h5>\n\t\t<\/div>\n\t\t\t\t\t<\/div>\n\n\t\n<\/div>\n<div class=\"row\"  id=\"row-1723827312\">\n\n\t<div id=\"col-134930620\" class=\"col medium-6 small-12 large-6\"  >\n\t\t\t\t<div class=\"col-inner\"  >\n\t\t\t\n\t\t\t\n<h3>Qu&rsquo;est ce que les Oc\u00e9ania de tir \u00e0 l&rsquo;arc\u00a0 ?<\/h3>\n<p>Il s&rsquo;agit d&rsquo;une comp\u00e9tition qui regroupe tous les pays du Pacifique sur une semaine o\u00f9 les archers de plusieurs cat\u00e9gories s\u2019affrontent pour l\u2019obtention du titre de Champion de l\u2019Oc\u00e9anie.<br \/>\nLa comp\u00e9tition a lieu tous les 2 ans dans un pays diff\u00e9rent, voici un historique des pr\u00e9c\u00e9dentes \u00e9ditions :<\/p>\n<ul>\n<li>2000 : Fidji<\/li>\n<li>2002 : Samoa Am\u00e9ricaines (Pago Pago)<\/li>\n<li>2004 : Nouvelle Cal\u00e9donie (Noum\u00e9a)<\/li>\n<li>2006 : Samoa Occidentales (Apia)<\/li>\n<li>2008 : Tahiti<\/li>\n<li>2010 : Pas d\u2019\u00e9v\u00e9nement<\/li>\n<li>2012 : Nouvelle Z\u00e9lande<\/li>\n<li>2016 : Tonga<\/li>\n<li>2018 : Nouvelle Cal\u00e9donie (Pa\u00efta)<\/li>\n<li>2020 : Report en 2021 suite \u00e9pid\u00e9mie du Covid-19<\/li>\n<\/ul>\n<p>Pendant non moins d&rsquo;une semaine ce sont plus de 100 archers de tous les pays du pacifique\u00a0 qui s&rsquo;affrontent pour l&rsquo;obtention du titre de Champion de l&rsquo;Oc\u00e9anie.<\/p>\n<p><strong>Les derniers Oc\u00e9ania en Nouvelle-Cal\u00e9donie se sont pass\u00e9s en 2018 !<\/strong><\/p>\n\t\t<\/div>\n\t\t\t\t\t<\/div>\n\n\t\n\n\t<div id=\"col-1195992292\" class=\"col medium-6 small-12 large-6\"  >\n\t\t\t\t<div class=\"col-inner\"  >\n\t\t\t\n\t\t\t\n\n\t<section class=\"section dark\" id=\"section_138929983\">\n\t\t<div class=\"section-bg fill\" >\n\t\t\t\t\t\t\t\t\t<div class=\"section-bg-overlay absolute fill\"><\/div>\n\t\t\t\n\n\t\t<\/div>\n\n\t\t\n\n\t\t<div class=\"section-content relative\">\n\t\t\t\n<h3>Nous avons besoin de vous !<\/h3>\n<p>Tous les ans, les archers de Nouvelle-Cal\u00e9donie se pr\u00e9parent pour les Oc\u00e9ania de tir \u00e0 l&rsquo;arc afin de porter haut les couleurs de leur pays. La participation \u00e0 un tel \u00e9v\u00e9nement demande beaucoup de moyens financiers sans lesquels un tel d\u00e9placement ne sera pas possible.<\/p>\n<p><span style=\"font-size: 14.4px;\">Parmi les priorit\u00e9s budg\u00e9taires figurent: Les d\u00e9placements des sportifs et du staff vers le pays organisateur, les h\u00e9bergements et les repas sur place et les transports.<\/span><\/p>\n<p><span style=\"font-size: 14.4px;\">Vous d\u00e9sirez nous aider ?\u00a0 N&rsquo;h\u00e9sitez pas \u00e0 faire un don pour rendre possible cette participation.<\/span><\/p>\n<div class=\"row align-center\"  id=\"row-2065625856\">\n\n\t<div id=\"col-1429578528\" class=\"col small-12 large-12\"  >\n\t\t\t\t<div class=\"col-inner\"  >\n\t\t\t\n\t\t\t\n<a href=\"http:\/\/www.ltanc.asso.nc\/?page_id=3246\" class=\"button white is-outline expand\"  >\n\t\t<span>Faire un don<\/span>\n\t<i class=\"icon-angle-right\" aria-hidden=\"true\" ><\/i><\/a>\n\n\t\t<\/div>\n\t\t\t\t\t<\/div>\n\n\t\n<\/div>\n\t\t<\/div>\n\n\t\t\n<style>\n#section_138929983 {\n  padding-top: 8px;\n  padding-bottom: 8px;\n  margin-bottom: -1px;\n}\n#section_138929983 .section-bg-overlay {\n  background-color: #2d3486;\n}\n<\/style>\n\t<\/section>\n\t\n\t\t<\/div>\n\t\t\t\t\t<\/div>\n\n\t\n<\/div>\n<div class=\"row\"  id=\"row-493617626\">\n\n\t<div id=\"col-201212143\" class=\"col small-12 large-12\"  >\n\t\t\t\t<div class=\"col-inner\"  >\n\t\t\t\n\t\t\t\n<p><center><\/p>\n<div style=\"width: 100%; text-align: center;\"><\/div>\n<p><\/center><\/p>\n\t\t<\/div>\n\t\t\t\t\t<\/div>\n\n\t\n<\/div>\n","protected":false},"excerpt":{"rendered":"","protected":false},"author":2,"featured_media":0,"parent":0,"menu_order":0,"comment_status":"closed","ping_status":"closed","template":"page-blank.php","meta":{"footnotes":""},"class_list":["post-3116","page","type-page","status-publish","hentry"],"_links":{"self":[{"href":"https:\/\/www.ltanc.asso.nc\/index.php?rest_route=\/wp\/v2\/pages\/3116","targetHints":{"allow":["GET"]}}],"collection":[{"href":"https:\/\/www.ltanc.asso.nc\/index.php?rest_route=\/wp\/v2\/pages"}],"about":[{"href":"https:\/\/www.ltanc.asso.nc\/index.php?rest_route=\/wp\/v2\/types\/page"}],"author":[{"embeddable":true,"href":"https:\/\/www.ltanc.asso.nc\/index.php?rest_route=\/wp\/v2\/users\/2"}],"replies":[{"embeddable":true,"href":"https:\/\/www.ltanc.asso.nc\/index.php?rest_route=%2Fwp%2Fv2%2Fcomments&post=3116"}],"version-history":[{"count":14,"href":"https:\/\/www.ltanc.asso.nc\/index.php?rest_route=\/wp\/v2\/pages\/3116\/revisions"}],"predecessor-version":[{"id":3517,"href":"https:\/\/www.ltanc.asso.nc\/index.php?rest_route=\/wp\/v2\/pages\/3116\/revisions\/3517"}],"wp:attachment":[{"href":"https:\/\/www.ltanc.asso.nc\/index.php?rest_route=%2Fwp%2Fv2%2Fmedia&parent=3116"}],"curies":[{"name":"wp","href":"https:\/\/api.w.org\/{rel}","templated":true}]}}